{"id":102,"date":"2022-10-27T19:01:28","date_gmt":"2022-10-27T17:01:28","guid":{"rendered":"https:\/\/connectdestiny.org\/?page_id=102"},"modified":"2022-11-10T09:09:19","modified_gmt":"2022-11-10T08:09:19","slug":"colabora","status":"publish","type":"page","link":"https:\/\/connectdestiny.org\/?page_id=102","title":{"rendered":"Colabora"},"content":{"rendered":"<p>[et_pb_section fb_built=\u00bb1&#8243; fullwidth=\u00bbon\u00bb _builder_version=\u00bb4.18.0&#8243; _module_preset=\u00bbdefault\u00bb global_colors_info=\u00bb{}\u00bb][et_pb_fullwidth_header title=\u00bbcolabora\u00bb subhead=\u00bbSi t\u00fa das al mundo lo mejor que tienes, \u00e9l te devolver\u00e1 el favor\u00bb _builder_version=\u00bb4.18.0&#8243; _module_preset=\u00bbdefault\u00bb background_image=\u00bbhttps:\/\/connectdestiny.org\/wp-content\/uploads\/bg-1440-5A1011-01.jpg\u00bb title_font_size_tablet=\u00bb\u00bb title_font_size_phone=\u00bb24px\u00bb title_font_size_last_edited=\u00bbon|phone\u00bb global_colors_info=\u00bb{}\u00bb][\/et_pb_fullwidth_header][\/et_pb_section][et_pb_section fb_built=\u00bb1&#8243; custom_padding_last_edited=\u00bbon|phone\u00bb _builder_version=\u00bb4.18.0&#8243; _module_preset=\u00bbdefault\u00bb custom_padding=\u00bb120px||120px||true|true\u00bb custom_padding_tablet=\u00bb120px|80px|120px|80px|true|true\u00bb hover_enabled=\u00bb0&#8243; global_colors_info=\u00bb{}\u00bb sticky_enabled=\u00bb0&#8243; custom_padding_phone=\u00bb0px|0px|0px|0px|true|true\u00bb][et_pb_row custom_padding_last_edited=\u00bbon|phone\u00bb _builder_version=\u00bb4.18.0&#8243; _module_preset=\u00bbdefault\u00bb custom_padding=\u00bb120px|80px|40px|80px|false|true\u00bb custom_padding_tablet=\u00bb120px|80px|40px|80px|false|true\u00bb custom_padding_phone=\u00bb|40px||40px|false|true\u00bb global_colors_info=\u00bb{}\u00bb][et_pb_column type=\u00bb4_4&#8243; _builder_version=\u00bb4.18.0&#8243; _module_preset=\u00bbdefault\u00bb global_colors_info=\u00bb{}\u00bb][et_pb_text _builder_version=\u00bb4.18.0&#8243; _module_preset=\u00bbdefault\u00bb global_colors_info=\u00bb{}\u00bb]<\/p>\n<h2>Descarga de formularios<\/h2>\n<p>[\/et_pb_text][\/et_pb_column][\/et_pb_row][et_pb_row column_structure=\u00bb1_3,1_3,1_3&#8243; use_custom_gutter=\u00bbon\u00bb gutter_width=\u00bb2&#8243; _builder_version=\u00bb4.18.0&#8243; _module_preset=\u00bbdefault\u00bb global_colors_info=\u00bb{}\u00bb][et_pb_column type=\u00bb1_3&#8243; _builder_version=\u00bb4.18.0&#8243; _module_preset=\u00bbdefault\u00bb global_colors_info=\u00bb{}\u00bb][et_pb_cta title=\u00bbHazte socio\/a\u00bb button_url=\u00bbhttps:\/\/docs.google.com\/forms\/d\/e\/1FAIpQLSeVi00PJBdTDthBKP-uF6cRCQX8Wb9WSQJdM-Qxcc6Dy43Qow\/viewform?usp=sharing\u00bb button_text=\u00bbDescargar\u00bb _builder_version=\u00bb4.18.0&#8243; _module_preset=\u00bbdefault\u00bb background_color=\u00bb#31B8EB\u00bb global_colors_info=\u00bb{}\u00bb]<\/p>\n<p>Colabora como t\u00fa decidas.<\/p>\n<p>[\/et_pb_cta][\/et_pb_column][et_pb_column type=\u00bb1_3&#8243; _builder_version=\u00bb4.18.0&#8243; _module_preset=\u00bbdefault\u00bb global_colors_info=\u00bb{}\u00bb][et_pb_cta title=\u00bbHazte voluntario\/a\u00bb button_url=\u00bbhttps:\/\/docs.google.com\/forms\/d\/e\/1FAIpQLSeQBuNynkpP8a4bacyWYPWPMFdBByZI0Jsn2tHtsyV7hC8pwQ\/viewform?usp=sf_link\u00bb button_text=\u00bbDescargar\u00bb _builder_version=\u00bb4.18.0&#8243; _module_preset=\u00bbdefault\u00bb background_color=\u00bb#31B8EB\u00bb global_colors_info=\u00bb{}\u00bb]<\/p>\n<p>Voluntariado en Espa\u00f1a o India<\/p>\n<p>[\/et_pb_cta][\/et_pb_column][et_pb_column type=\u00bb1_3&#8243; _builder_version=\u00bb4.18.0&#8243; _module_preset=\u00bbdefault\u00bb global_colors_info=\u00bb{}\u00bb][et_pb_cta title=\u00bbDonaci\u00f3n puntual\u00bb button_url=\u00bbhttps:\/\/docs.google.com\/forms\/d\/e\/1FAIpQLSc7teionuMpjo-S&#8211;1a8WCW6UEkuMh2rmtrauXIenxf6WRKJw\/viewform?usp=sharing\u00bb button_text=\u00bbDescargar\u00bb _builder_version=\u00bb4.18.0&#8243; _module_preset=\u00bbdefault\u00bb background_color=\u00bb#31B8EB\u00bb global_colors_info=\u00bb{}\u00bb]<\/p>\n<p>Hacer una donaci\u00f3n puntual.<\/p>\n<p>[\/et_pb_cta][\/et_pb_column][\/et_pb_row][et_pb_row column_structure=\u00bb1_2,1_2&#8243; use_custom_gutter=\u00bbon\u00bb _builder_version=\u00bb4.18.0&#8243; _module_preset=\u00bbdefault\u00bb hover_enabled=\u00bb0&#8243; global_colors_info=\u00bb{}\u00bb custom_padding=\u00bb120px||120px||true|false\u00bb sticky_enabled=\u00bb0&#8243;][et_pb_column type=\u00bb1_2&#8243; _builder_version=\u00bb4.18.0&#8243; _module_preset=\u00bbdefault\u00bb custom_padding=\u00bb|80px||80px|false|true\u00bb custom_padding_tablet=\u00bb|80px||80px|false|true\u00bb custom_padding_phone=\u00bb|40px||40px|false|true\u00bb custom_padding_last_edited=\u00bbon|phone\u00bb global_colors_info=\u00bb{}\u00bb][et_pb_text _builder_version=\u00bb4.18.0&#8243; _module_preset=\u00bbdefault\u00bb text_font_size=\u00bb24px\u00bb text_line_height=\u00bb1.5em\u00bb text_font_size_tablet=\u00bb24px\u00bb text_font_size_phone=\u00bb16px\u00bb text_font_size_last_edited=\u00bbon|phone\u00bb global_colors_info=\u00bb{}\u00bb]<\/p>\n<p>Hacer posible los proyectos supone mucho tiempo y trabajo , as\u00ed que toda ayuda es necesaria y bien recibida!<\/p>\n<p>Ayuda en la medida que puedas y cuando puedas!<\/p>\n<p>&nbsp;<\/p>\n<p>[\/et_pb_text][\/et_pb_column][et_pb_column type=\u00bb1_2&#8243; _builder_version=\u00bb4.18.0&#8243; _module_preset=\u00bbdefault\u00bb background_color=\u00bb#E09900&#8243; custom_padding=\u00bb120px|80px|120px|80px|true|true\u00bb custom_padding_tablet=\u00bb120px|80px|120px|80px|true|true\u00bb custom_padding_phone=\u00bb|40px||40px|false|true\u00bb custom_padding_last_edited=\u00bbon|desktop\u00bb global_colors_info=\u00bb{}\u00bb][et_pb_text _builder_version=\u00bb4.18.0&#8243; _module_preset=\u00bbdefault\u00bb background_layout=\u00bbdark\u00bb global_colors_info=\u00bb{}\u00bb]<\/p>\n<p><strong>Voluntarios\/as para Espa\u00f1a y resto del mundo:<\/strong> editar v\u00eddeos e im\u00e1genes, ayudarnos con la web y las redes sociales, organizaci\u00f3n de eventos, contabilidad, etc. (Idiomas espa\u00f1ol y\/o ingl\u00e9s)<\/p>\n<p><strong>Voluntariado en India<\/strong> : Tu voluntariado y lo que puedas hacer depender\u00e1 de tu perfil personal y profesional. Rellena el formulario (por hacer) y nos pondremos en contacto contigo.<\/p>\n<p>Si quieres colaborar m\u00e1ndanos un correo a connectdestinyorg@gmail.com y expl\u00edcanos tu perfil personal para poder valorar tu colaboraci\u00f3n.<\/p>\n<p>[\/et_pb_text][\/et_pb_column][\/et_pb_row][\/et_pb_section]<\/p>\n","protected":false},"excerpt":{"rendered":"<p>Descarga de formulariosColabora como t\u00fa decidas.Voluntariado en Espa\u00f1a o IndiaHacer una donaci\u00f3n puntual.Hacer posible los proyectos supone mucho tiempo y trabajo , as\u00ed que toda ayuda es necesaria y bien recibida! Ayuda en la medida que puedas y cuando puedas! &nbsp;Voluntarios\/as para Espa\u00f1a y resto del mundo: editar v\u00eddeos e im\u00e1genes, ayudarnos con la web [&hellip;]<\/p>\n","protected":false},"author":1,"featured_media":0,"parent":0,"menu_order":0,"comment_status":"closed","ping_status":"closed","template":"","meta":{"_et_pb_use_builder":"on","_et_pb_old_content":"","_et_gb_content_width":""},"_links":{"self":[{"href":"https:\/\/connectdestiny.org\/index.php?rest_route=\/wp\/v2\/pages\/102"}],"collection":[{"href":"https:\/\/connectdestiny.org\/index.php?rest_route=\/wp\/v2\/pages"}],"about":[{"href":"https:\/\/connectdestiny.org\/index.php?rest_route=\/wp\/v2\/types\/page"}],"author":[{"embeddable":true,"href":"https:\/\/connectdestiny.org\/index.php?rest_route=\/wp\/v2\/users\/1"}],"replies":[{"embeddable":true,"href":"https:\/\/connectdestiny.org\/index.php?rest_route=%2Fwp%2Fv2%2Fcomments&post=102"}],"version-history":[{"count":38,"href":"https:\/\/connectdestiny.org\/index.php?rest_route=\/wp\/v2\/pages\/102\/revisions"}],"predecessor-version":[{"id":679,"href":"https:\/\/connectdestiny.org\/index.php?rest_route=\/wp\/v2\/pages\/102\/revisions\/679"}],"wp:attachment":[{"href":"https:\/\/connectdestiny.org\/index.php?rest_route=%2Fwp%2Fv2%2Fmedia&parent=102"}],"curies":[{"name":"wp","href":"https:\/\/api.w.org\/{rel}","templated":true}]}}