{"id":109,"date":"2022-10-27T19:06:40","date_gmt":"2022-10-27T17:06:40","guid":{"rendered":"https:\/\/connectdestiny.org\/?page_id=109"},"modified":"2022-11-10T09:16:47","modified_gmt":"2022-11-10T08:16:47","slug":"empoderamiento","status":"publish","type":"page","link":"https:\/\/connectdestiny.org\/?page_id=109","title":{"rendered":"Empoderamiento"},"content":{"rendered":"<p>[et_pb_section fb_built=\u00bb1&#8243; fullwidth=\u00bbon\u00bb _builder_version=\u00bb4.18.0&#8243; _module_preset=\u00bbdefault\u00bb global_colors_info=\u00bb{}\u00bb][et_pb_fullwidth_header title=\u00bbempoderamiento <br \/> de la mujer\u00bb _builder_version=\u00bb4.18.0&#8243; _module_preset=\u00bbdefault\u00bb background_image=\u00bbhttps:\/\/connectdestiny.org\/wp-content\/uploads\/bg-1440-empoderamiento-02.jpg\u00bb hover_enabled=\u00bb0&#8243; title_font_size_tablet=\u00bb\u00bb title_font_size_phone=\u00bb24px\u00bb title_font_size_last_edited=\u00bbon|phone\u00bb global_colors_info=\u00bb{}\u00bb sticky_enabled=\u00bb0&#8243;][\/et_pb_fullwidth_header][\/et_pb_section][et_pb_section fb_built=\u00bb1&#8243; _builder_version=\u00bb4.18.0&#8243; _module_preset=\u00bbdefault\u00bb custom_padding=\u00bb120px||120px||true|false\u00bb global_colors_info=\u00bb{}\u00bb][et_pb_row column_structure=\u00bb1_2,1_2&#8243; use_custom_gutter=\u00bbon\u00bb _builder_version=\u00bb4.18.0&#8243; _module_preset=\u00bbdefault\u00bb global_colors_info=\u00bb{}\u00bb][et_pb_column type=\u00bb1_2&#8243; _builder_version=\u00bb4.18.0&#8243; _module_preset=\u00bbdefault\u00bb custom_padding=\u00bb|80px||80px|false|true\u00bb custom_padding_tablet=\u00bb|80px||80px|false|true\u00bb custom_padding_phone=\u00bb|40px||40px|false|true\u00bb custom_padding_last_edited=\u00bbon|phone\u00bb global_colors_info=\u00bb{}\u00bb][et_pb_text _builder_version=\u00bb4.18.0&#8243; _module_preset=\u00bbdefault\u00bb global_colors_info=\u00bb{}\u00bb]<\/p>\n<p>Las mujeres son otro de los colectivos m\u00e1s vulnerables. Por eso, creemos en hacer formaciones y darles la oportunidad de aprender cosas que podr\u00e1n aplicar en su vida diaria o que les permitir\u00e1 empezar un peque\u00f1o negocio o mejora familiar, pero, a la vez les permite seguir atendiendo a su familia. Desde 2019 han pasado m\u00e1s de 60 mujeres por los talleres gratuitos de costura. Desde el 2021 existe un taller propio de costura, coordinado por Samugam trust (Bruno) que pretende que tengan una oportunidad como grupo y que haga que crezca, mejore sus condiciones econ\u00f3micas.<\/p>\n<p>Hemos sido testigos del empoderamiento de cada mujer, como grupo y del cambio de paradigma y visi\u00f3n en la comunidad.<\/p>\n<p>[\/et_pb_text][et_pb_divider show_divider=\u00bboff\u00bb _builder_version=\u00bb4.18.0&#8243; _module_preset=\u00bbdefault\u00bb height=\u00bb100px\u00bb global_colors_info=\u00bb{}\u00bb][\/et_pb_divider][\/et_pb_column][et_pb_column type=\u00bb1_2&#8243; _builder_version=\u00bb4.18.0&#8243; _module_preset=\u00bbdefault\u00bb global_colors_info=\u00bb{}\u00bb][et_pb_image src=\u00bbhttps:\/\/connectdestiny.org\/wp-content\/uploads\/img-1080-empoderamiento-01.jpg\u00bb title_text=\u00bbimg-1080-empoderamiento-01&#8243; url=\u00bb@ET-DC@eyJkeW5hbWljIjp0cnVlLCJjb250ZW50IjoicG9zdF9saW5rX3VybF9wYWdlIiwic2V0dGluZ3MiOnsicG9zdF9pZCI6IjEwNiJ9fQ==@\u00bb _builder_version=\u00bb4.18.0&#8243; _dynamic_attributes=\u00bburl\u00bb _module_preset=\u00bbdefault\u00bb global_colors_info=\u00bb{}\u00bb][\/et_pb_image][\/et_pb_column][\/et_pb_row][\/et_pb_section]<\/p>\n","protected":false},"excerpt":{"rendered":"<p>Las mujeres son otro de los colectivos m\u00e1s vulnerables. Por eso, creemos en hacer formaciones y darles la oportunidad de aprender cosas que podr\u00e1n aplicar en su vida diaria o que les permitir\u00e1 empezar un peque\u00f1o negocio o mejora familiar, pero, a la vez les permite seguir atendiendo a su familia. Desde 2019 han pasado [&hellip;]<\/p>\n","protected":false},"author":1,"featured_media":0,"parent":0,"menu_order":0,"comment_status":"closed","ping_status":"closed","template":"","meta":{"_et_pb_use_builder":"on","_et_pb_old_content":"","_et_gb_content_width":""},"_links":{"self":[{"href":"https:\/\/connectdestiny.org\/index.php?rest_route=\/wp\/v2\/pages\/109"}],"collection":[{"href":"https:\/\/connectdestiny.org\/index.php?rest_route=\/wp\/v2\/pages"}],"about":[{"href":"https:\/\/connectdestiny.org\/index.php?rest_route=\/wp\/v2\/types\/page"}],"author":[{"embeddable":true,"href":"https:\/\/connectdestiny.org\/index.php?rest_route=\/wp\/v2\/users\/1"}],"replies":[{"embeddable":true,"href":"https:\/\/connectdestiny.org\/index.php?rest_route=%2Fwp%2Fv2%2Fcomments&post=109"}],"version-history":[{"count":14,"href":"https:\/\/connectdestiny.org\/index.php?rest_route=\/wp\/v2\/pages\/109\/revisions"}],"predecessor-version":[{"id":681,"href":"https:\/\/connectdestiny.org\/index.php?rest_route=\/wp\/v2\/pages\/109\/revisions\/681"}],"wp:attachment":[{"href":"https:\/\/connectdestiny.org\/index.php?rest_route=%2Fwp%2Fv2%2Fmedia&parent=109"}],"curies":[{"name":"wp","href":"https:\/\/api.w.org\/{rel}","templated":true}]}}