{"id":112,"date":"2022-10-27T19:07:27","date_gmt":"2022-10-27T17:07:27","guid":{"rendered":"https:\/\/connectdestiny.org\/?page_id=112"},"modified":"2022-11-10T09:24:34","modified_gmt":"2022-11-10T08:24:34","slug":"salud","status":"publish","type":"page","link":"https:\/\/connectdestiny.org\/?page_id=112","title":{"rendered":"Salud"},"content":{"rendered":"<p>[et_pb_section fb_built=\u00bb1&#8243; fullwidth=\u00bbon\u00bb _builder_version=\u00bb4.18.0&#8243; _module_preset=\u00bbdefault\u00bb global_colors_info=\u00bb{}\u00bb][et_pb_fullwidth_header title=\u00bbsalud\u00bb subhead=\u00bbSanidad es esperanza\u00bb _builder_version=\u00bb4.18.0&#8243; _module_preset=\u00bbdefault\u00bb background_image=\u00bbhttps:\/\/connectdestiny.org\/wp-content\/uploads\/bg-1440-empoderamiento-01.jpg\u00bb title_font_size_tablet=\u00bb\u00bb title_font_size_phone=\u00bb24px\u00bb title_font_size_last_edited=\u00bbon|phone\u00bb global_colors_info=\u00bb{}\u00bb][\/et_pb_fullwidth_header][\/et_pb_section][et_pb_section fb_built=\u00bb1&#8243; _builder_version=\u00bb4.18.0&#8243; _module_preset=\u00bbdefault\u00bb custom_padding=\u00bb120px||120px||true|false\u00bb global_colors_info=\u00bb{}\u00bb][et_pb_row column_structure=\u00bb1_2,1_2&#8243; use_custom_gutter=\u00bbon\u00bb _builder_version=\u00bb4.18.0&#8243; _module_preset=\u00bbdefault\u00bb global_colors_info=\u00bb{}\u00bb][et_pb_column type=\u00bb1_2&#8243; _builder_version=\u00bb4.18.0&#8243; _module_preset=\u00bbdefault\u00bb custom_padding=\u00bb|80px||80px|false|true\u00bb custom_padding_tablet=\u00bb|80px||80px|false|true\u00bb custom_padding_phone=\u00bb|40px||40px|false|true\u00bb custom_padding_last_edited=\u00bbon|phone\u00bb global_colors_info=\u00bb{}\u00bb][et_pb_text _builder_version=\u00bb4.18.0&#8243; _module_preset=\u00bbdefault\u00bb global_colors_info=\u00bb{}\u00bb]<\/p>\n<p>En India no es f\u00e1cil poder acceder a la atenci\u00f3n m\u00e9dica. Sin dinero, no hay curas y la calidad de los hospitales p\u00fablicos y recursos es alarmante, a pesar de que la mayor\u00eda de trabajadores hacen vocacionalmente todo lo que pueden . Es muy importante poder asesorar y ofrecer prevenci\u00f3n educativa en las familias, para poder acceder a sus derechos y conocer m\u00e1s opciones existentes (hospitales gratuitos de calidad, hospitales universitarios y poder dar apoyo econ\u00f3mico en situaciones extremas). Solo el sistema privado funciona, pero a la vez es muy caro y en bastantes ocasiones, se aprovechan del desconocimiento de las personas incrementando el n\u00famero de pruebas que no son necesarias para poder cobrar m\u00e1s.<\/p>\n<p>[\/et_pb_text][et_pb_divider show_divider=\u00bboff\u00bb _builder_version=\u00bb4.18.0&#8243; _module_preset=\u00bbdefault\u00bb height=\u00bb100px\u00bb global_colors_info=\u00bb{}\u00bb][\/et_pb_divider][\/et_pb_column][et_pb_column type=\u00bb1_2&#8243; _builder_version=\u00bb4.18.0&#8243; _module_preset=\u00bbdefault\u00bb global_colors_info=\u00bb{}\u00bb][et_pb_image src=\u00bbhttps:\/\/connectdestiny.org\/wp-content\/uploads\/bg-1440-0048-01.jpg\u00bb title_text=\u00bbbg-1440-0048-01&#8243; url=\u00bb@ET-DC@eyJkeW5hbWljIjp0cnVlLCJjb250ZW50IjoicG9zdF9saW5rX3VybF9wYWdlIiwic2V0dGluZ3MiOnsicG9zdF9pZCI6IjEwNiJ9fQ==@\u00bb _builder_version=\u00bb4.18.0&#8243; _dynamic_attributes=\u00bburl\u00bb _module_preset=\u00bbdefault\u00bb global_colors_info=\u00bb{}\u00bb][\/et_pb_image][\/et_pb_column][\/et_pb_row][\/et_pb_section]<\/p>\n","protected":false},"excerpt":{"rendered":"<p>En India no es f\u00e1cil poder acceder a la atenci\u00f3n m\u00e9dica. Sin dinero, no hay curas y la calidad de los hospitales p\u00fablicos y recursos es alarmante, a pesar de que la mayor\u00eda de trabajadores hacen vocacionalmente todo lo que pueden . Es muy importante poder asesorar y ofrecer prevenci\u00f3n educativa en las familias, para [&hellip;]<\/p>\n","protected":false},"author":1,"featured_media":0,"parent":0,"menu_order":0,"comment_status":"closed","ping_status":"closed","template":"","meta":{"_et_pb_use_builder":"on","_et_pb_old_content":"","_et_gb_content_width":""},"_links":{"self":[{"href":"https:\/\/connectdestiny.org\/index.php?rest_route=\/wp\/v2\/pages\/112"}],"collection":[{"href":"https:\/\/connectdestiny.org\/index.php?rest_route=\/wp\/v2\/pages"}],"about":[{"href":"https:\/\/connectdestiny.org\/index.php?rest_route=\/wp\/v2\/types\/page"}],"author":[{"embeddable":true,"href":"https:\/\/connectdestiny.org\/index.php?rest_route=\/wp\/v2\/users\/1"}],"replies":[{"embeddable":true,"href":"https:\/\/connectdestiny.org\/index.php?rest_route=%2Fwp%2Fv2%2Fcomments&post=112"}],"version-history":[{"count":7,"href":"https:\/\/connectdestiny.org\/index.php?rest_route=\/wp\/v2\/pages\/112\/revisions"}],"predecessor-version":[{"id":682,"href":"https:\/\/connectdestiny.org\/index.php?rest_route=\/wp\/v2\/pages\/112\/revisions\/682"}],"wp:attachment":[{"href":"https:\/\/connectdestiny.org\/index.php?rest_route=%2Fwp%2Fv2%2Fmedia&parent=112"}],"curies":[{"name":"wp","href":"https:\/\/api.w.org\/{rel}","templated":true}]}}