{"id":15,"date":"2022-10-17T09:40:06","date_gmt":"2022-10-17T07:40:06","guid":{"rendered":"https:\/\/connectdestiny.org\/?page_id=15"},"modified":"2023-02-28T10:51:10","modified_gmt":"2023-02-28T09:51:10","slug":"quienes-somos","status":"publish","type":"page","link":"https:\/\/connectdestiny.org\/?page_id=15","title":{"rendered":"Qui\u00e9nes Somos"},"content":{"rendered":"<p>[et_pb_section fb_built=\u00bb1&#8243; fullwidth=\u00bbon\u00bb _builder_version=\u00bb4.18.0&#8243; _module_preset=\u00bbdefault\u00bb global_colors_info=\u00bb{}\u00bb][et_pb_fullwidth_header title=\u00bbqui\u00e9nes somos\u00bb subhead=\u00bbCon\u00f3cenos y \u00fanete\u00bb _builder_version=\u00bb4.18.0&#8243; _module_preset=\u00bbdefault\u00bb background_image=\u00bbhttps:\/\/connectdestiny.org\/wp-content\/uploads\/img-1440-educacion-95.jpg\u00bb hover_enabled=\u00bb0&#8243; title_font_size_tablet=\u00bb\u00bb title_font_size_phone=\u00bb24px\u00bb title_font_size_last_edited=\u00bbon|phone\u00bb global_colors_info=\u00bb{}\u00bb title_text=\u00bbimg-1440-educacion-95&#8243; sticky_enabled=\u00bb0&#8243;][\/et_pb_fullwidth_header][\/et_pb_section][et_pb_section fb_built=\u00bb1&#8243; custom_padding_last_edited=\u00bbon|phone\u00bb _builder_version=\u00bb4.18.0&#8243; _module_preset=\u00bbdefault\u00bb custom_padding=\u00bb120px|80px|120px|80px|true|true\u00bb custom_padding_tablet=\u00bb120px|80px|120px|80px|true|true\u00bb custom_padding_phone=\u00bb|40px||40px|true|true\u00bb global_colors_info=\u00bb{}\u00bb][et_pb_row _builder_version=\u00bb4.18.0&#8243; _module_preset=\u00bbdefault\u00bb background_color=\u00bbrgba(139,18,189,0.2)\u00bb custom_padding=\u00bb97px||97px||true|false\u00bb box_shadow_style=\u00bbpreset2&#8243; box_shadow_color=\u00bbrgba(0,0,0,0.4)\u00bb global_colors_info=\u00bb{}\u00bb][et_pb_column type=\u00bb4_4&#8243; _builder_version=\u00bb4.18.0&#8243; _module_preset=\u00bbdefault\u00bb global_colors_info=\u00bb{}\u00bb][et_pb_text _builder_version=\u00bb4.18.0&#8243; _module_preset=\u00bbdefault\u00bb text_font=\u00bbAllura||||||||\u00bb text_text_color=\u00bb#8B12BD\u00bb text_font_size=\u00bb64px\u00bb text_orientation=\u00bbcenter\u00bb text_font_size_tablet=\u00bb64px\u00bb text_font_size_phone=\u00bb32px\u00bb text_font_size_last_edited=\u00bbon|phone\u00bb global_colors_info=\u00bb{}\u00bb]<\/p>\n<p>Conectando destinos cambiamos el mundo.<\/p>\n<p>[\/et_pb_text][\/et_pb_column][\/et_pb_row][\/et_pb_section][et_pb_section fb_built=\u00bb1&#8243; _builder_version=\u00bb4.18.0&#8243; _module_preset=\u00bbdefault\u00bb global_colors_info=\u00bb{}\u00bb][et_pb_row column_structure=\u00bb1_2,1_2&#8243; use_custom_gutter=\u00bbon\u00bb _builder_version=\u00bb4.18.0&#8243; _module_preset=\u00bbdefault\u00bb global_colors_info=\u00bb{}\u00bb][et_pb_column type=\u00bb1_2&#8243; _builder_version=\u00bb4.18.0&#8243; _module_preset=\u00bbdefault\u00bb global_colors_info=\u00bb{}\u00bb][et_pb_image src=\u00bbhttps:\/\/connectdestiny.org\/wp-content\/uploads\/bg-1440-191230-15.jpg\u00bb title_text=\u00bbbg-1440-191230-15&#8243; _builder_version=\u00bb4.18.0&#8243; _module_preset=\u00bbdefault\u00bb global_colors_info=\u00bb{}\u00bb][\/et_pb_image][\/et_pb_column][et_pb_column type=\u00bb1_2&#8243; _builder_version=\u00bb4.18.0&#8243; _module_preset=\u00bbdefault\u00bb custom_padding=\u00bb|80px||80px|false|true\u00bb custom_padding_tablet=\u00bb|80px||80px|false|true\u00bb custom_padding_phone=\u00bb40px|40px|40px|40px|true|true\u00bb custom_padding_last_edited=\u00bbon|phone\u00bb global_colors_info=\u00bb{}\u00bb][et_pb_text _builder_version=\u00bb4.18.0&#8243; _module_preset=\u00bbdefault\u00bb global_colors_info=\u00bb{}\u00bb]<\/p>\n<h2>Inicio<\/h2>\n<p>Despu\u00e9s de unos a\u00f1os en activo, decidimos formalizar en 2017 y registrar nuestra entidad ONG.<\/p>\n<p>Somos una entidad muy peque\u00f1a, familiar y as\u00ed queremos seguir. Con personas de confianza y proyectos muy cercanos.<\/p>\n<p>[\/et_pb_text][\/et_pb_column][\/et_pb_row][\/et_pb_section][et_pb_section fb_built=\u00bb1&#8243; _builder_version=\u00bb4.18.0&#8243; _module_preset=\u00bbdefault\u00bb background_color=\u00bb#4c4c4c\u00bb global_colors_info=\u00bb{}\u00bb][et_pb_row column_structure=\u00bb1_2,1_2&#8243; use_custom_gutter=\u00bbon\u00bb _builder_version=\u00bb4.18.0&#8243; _module_preset=\u00bbdefault\u00bb global_colors_info=\u00bb{}\u00bb][et_pb_column type=\u00bb1_2&#8243; _builder_version=\u00bb4.18.0&#8243; _module_preset=\u00bbdefault\u00bb global_colors_info=\u00bb{}\u00bb][et_pb_image src=\u00bbhttps:\/\/connectdestiny.org\/wp-content\/uploads\/bg-1440-joshi-70.jpg\u00bb title_text=\u00bbbg-1440-joshi-70&#8243; _builder_version=\u00bb4.18.0&#8243; _module_preset=\u00bbdefault\u00bb global_colors_info=\u00bb{}\u00bb][\/et_pb_image][\/et_pb_column][et_pb_column type=\u00bb1_2&#8243; _builder_version=\u00bb4.18.0&#8243; _module_preset=\u00bbdefault\u00bb custom_padding=\u00bb40px|80px|40px|80px|true|true\u00bb custom_padding_tablet=\u00bb40px|80px|40px|80px|true|true\u00bb custom_padding_phone=\u00bb|40px||40px|false|true\u00bb custom_padding_last_edited=\u00bbon|phone\u00bb global_colors_info=\u00bb{}\u00bb][et_pb_text _builder_version=\u00bb4.18.0&#8243; _module_preset=\u00bbdefault\u00bb background_layout=\u00bbdark\u00bb global_colors_info=\u00bb{}\u00bb]<\/p>\n<h2>Visi\u00f3n<\/h2>\n<p>Nuestra visi\u00f3n es la de ayudar con recursos materiales y\/o formaci\u00f3n a las personas vulnerables, para que con el peque\u00f1o empuj\u00f3n puedan ser autosostenibles. No queremos generar situaciones de dependencia.<\/p>\n<p>No damos efectivo para poder evitar situaciones fraudulentas.<\/p>\n<p>Debemos hacer proyectos que puedan seguir \u201ccaminando solos\u201d<\/p>\n<p>[\/et_pb_text][\/et_pb_column][\/et_pb_row][\/et_pb_section][et_pb_section fb_built=\u00bb1&#8243; _builder_version=\u00bb4.18.0&#8243; _module_preset=\u00bbdefault\u00bb global_colors_info=\u00bb{}\u00bb][et_pb_row column_structure=\u00bb1_2,1_2&#8243; use_custom_gutter=\u00bbon\u00bb _builder_version=\u00bb4.18.0&#8243; _module_preset=\u00bbdefault\u00bb max_width=\u00bb1440px\u00bb custom_padding=\u00bb0px||0px||true|false\u00bb global_colors_info=\u00bb{}\u00bb][et_pb_column type=\u00bb1_2&#8243; _builder_version=\u00bb4.18.0&#8243; _module_preset=\u00bbdefault\u00bb global_colors_info=\u00bb{}\u00bb][et_pb_image src=\u00bbhttps:\/\/connectdestiny.org\/wp-content\/uploads\/img-1080-mision-01.jpg\u00bb title_text=\u00bbimg-1080-mision-01&#8243; _builder_version=\u00bb4.18.0&#8243; _module_preset=\u00bbdefault\u00bb global_colors_info=\u00bb{}\u00bb][\/et_pb_image][\/et_pb_column][et_pb_column type=\u00bb1_2&#8243; _builder_version=\u00bb4.18.0&#8243; _module_preset=\u00bbdefault\u00bb custom_padding=\u00bb40px|80px|40px|80px|true|true\u00bb custom_padding_tablet=\u00bb40px|80px|40px|80px|true|true\u00bb custom_padding_phone=\u00bb|40px||40px|true|true\u00bb custom_padding_last_edited=\u00bbon|phone\u00bb global_colors_info=\u00bb{}\u00bb][et_pb_text _builder_version=\u00bb4.18.0&#8243; _module_preset=\u00bbdefault\u00bb global_colors_info=\u00bb{}\u00bb]<\/p>\n<h2>Misi\u00f3n<\/h2>\n<p>Conocer la zona y a los beneficiarios.<\/p>\n<p>Escuchar y observar lo que los propios beneficiarios creen que necesitan, valorar y hacer la devoluci\u00f3n con nuestra propuesta y con el asesoramiento de personas que con experiencia y\/o formaci\u00f3n en el sector.<\/p>\n<p>Hacemos convenios firmados, en los que queda claro, hasta d\u00f3nde llega nuestra ayuda, hasta cuando, los derechos y deberes de las dos partes.<\/p>\n<p>Por ello, es tan importante, tener una contraparte local (<a href=\"https:\/\/samugam.org\/\" target=\"_blank\" rel=\"noopener\">Samugam trust<\/a>) que nos ayuda a coordinar, revisar y hacer esto posible.<\/p>\n<p>&nbsp;<\/p>\n<p>[\/et_pb_text][\/et_pb_column][\/et_pb_row][\/et_pb_section][et_pb_section fb_built=\u00bb1&#8243; custom_padding_last_edited=\u00bbon|phone\u00bb _builder_version=\u00bb4.18.0&#8243; _module_preset=\u00bbdefault\u00bb custom_padding=\u00bb120px|80px|120px|80px|true|true\u00bb custom_padding_tablet=\u00bb120px|80px|120px|80px|true|true\u00bb custom_padding_phone=\u00bb120px|40px|120px|40px|true|true\u00bb global_colors_info=\u00bb{}\u00bb][et_pb_row _builder_version=\u00bb4.18.0&#8243; _module_preset=\u00bbdefault\u00bb global_colors_info=\u00bb{}\u00bb][et_pb_column type=\u00bb4_4&#8243; _builder_version=\u00bb4.18.0&#8243; _module_preset=\u00bbdefault\u00bb global_colors_info=\u00bb{}\u00bb][et_pb_cta title=\u00bb\u00a1\u00danete a nosotros!\u00bb button_url=\u00bb@ET-DC@eyJkeW5hbWljIjp0cnVlLCJjb250ZW50IjoicG9zdF9saW5rX3VybF9wYWdlIiwic2V0dGluZ3MiOnsicG9zdF9pZCI6IjEwMiJ9fQ==@\u00bb button_text=\u00bbColaborar\u00bb _builder_version=\u00bb4.18.0&#8243; _dynamic_attributes=\u00bbbutton_url\u00bb _module_preset=\u00bbdefault\u00bb background_color=\u00bb#31B8EB\u00bb global_module=\u00bb320&#8243; saved_tabs=\u00bball\u00bb global_colors_info=\u00bb{}\u00bb]<\/p>\n<p>Lo que pasa all\u00ed te afecta tambi\u00e9n a ti \u00bflo sab\u00edas? Puedes ayudar de muchas maneras: Haci\u00e9ndote socio\/a, con una donaci\u00f3n puntual o como voluntario\/a en India\/Espa\u00f1a.<\/p>\n<p>[\/et_pb_cta][\/et_pb_column][\/et_pb_row][\/et_pb_section]<\/p>\n","protected":false},"excerpt":{"rendered":"<p>Conectando destinos cambiamos el mundo.Inicio Despu\u00e9s de unos a\u00f1os en activo, decidimos formalizar en 2017 y registrar nuestra entidad ONG. Somos una entidad muy peque\u00f1a, familiar y as\u00ed queremos seguir. Con personas de confianza y proyectos muy cercanos.Visi\u00f3n Nuestra visi\u00f3n es la de ayudar con recursos materiales y\/o formaci\u00f3n a las personas vulnerables, para que [&hellip;]<\/p>\n","protected":false},"author":1,"featured_media":0,"parent":0,"menu_order":0,"comment_status":"closed","ping_status":"closed","template":"","meta":{"_et_pb_use_builder":"on","_et_pb_old_content":"","_et_gb_content_width":""},"_links":{"self":[{"href":"https:\/\/connectdestiny.org\/index.php?rest_route=\/wp\/v2\/pages\/15"}],"collection":[{"href":"https:\/\/connectdestiny.org\/index.php?rest_route=\/wp\/v2\/pages"}],"about":[{"href":"https:\/\/connectdestiny.org\/index.php?rest_route=\/wp\/v2\/types\/page"}],"author":[{"embeddable":true,"href":"https:\/\/connectdestiny.org\/index.php?rest_route=\/wp\/v2\/users\/1"}],"replies":[{"embeddable":true,"href":"https:\/\/connectdestiny.org\/index.php?rest_route=%2Fwp%2Fv2%2Fcomments&post=15"}],"version-history":[{"count":48,"href":"https:\/\/connectdestiny.org\/index.php?rest_route=\/wp\/v2\/pages\/15\/revisions"}],"predecessor-version":[{"id":686,"href":"https:\/\/connectdestiny.org\/index.php?rest_route=\/wp\/v2\/pages\/15\/revisions\/686"}],"wp:attachment":[{"href":"https:\/\/connectdestiny.org\/index.php?rest_route=%2Fwp%2Fv2%2Fmedia&parent=15"}],"curies":[{"name":"wp","href":"https:\/\/api.w.org\/{rel}","templated":true}]}}